{"id":2442,"date":"2025-01-22T12:35:14","date_gmt":"2025-01-22T12:35:14","guid":{"rendered":"https:\/\/simplymassage.ro\/?page_id=2442"},"modified":"2025-03-13T16:06:58","modified_gmt":"2025-03-13T14:06:58","slug":"tipuri-de-masaj","status":"publish","type":"page","link":"https:\/\/simplymassage.ro\/index.php\/tipuri-de-masaj\/","title":{"rendered":"Tipuri de masaj"},"content":{"rendered":"<div class=\"wpb-content-wrapper\"><p>[vc_row css=&#8221;.vc_custom_1721134690163{background-color: #ffffff !important;}&#8221;][vc_column css=&#8221;.vc_custom_1433162732287{margin-bottom: 7em !important;}&#8221;]<h2 class=\"sc_title sc_title_iconed sc_align_center\" style=\"text-align:center;\"><span class=\"sc_title_icon sc_title_icon_left  sc_title_icon_small\"><img decoding=\"async\" src=\"https:\/\/simplymassage.ro\/wp-content\/uploads\/2015\/04\/flourish_orange.png\" alt=\"\" \/><\/span>Serviciile noastre<span class=\"sc_title_second_icon sc_title_second_icon_left  sc_title_icon_small\"><img decoding=\"async\" src=\"https:\/\/simplymassage.ro\/wp-content\/uploads\/2015\/04\/flourish_orange.png\" alt=\"\" \/><\/span><\/h2><div class=\"sc_section aligncenter\"><span class=\"sc_highlight\" style=\"font-size:1.23em; line-height: 1.9em;\">[vc_column_text css=&#8221;.vc_custom_1734513959126{margin-bottom: 30px !important;}&#8221;]<\/p>\n<p style=\"text-align: center;\"><em>Terapie prin masaj \u2026 suntem mai frumosi daca suntem sanatosi!<\/em>[\/vc_column_text]<\/span><\/div><div id=\"sc_blogger_941869920\" class=\"sc_blogger layout_grid_2 template_portfolio  sc_blogger_horizontal\" data-animation=\"animated fadeInUp normal\"><div class=\"isotope_wrap\" data-columns=\"3\">\t\t\t<div class=\"isotope_item isotope_item_grid isotope_item_grid_2 isotope_column_2\t\t\t\t\t\t\">\n\t\t\t\t<div class=\"post_item post_item_grid post_item_grid_2\t\t\t\t\tpost_format_standard odd\">\n\t\n\t\t\t\t\t<div class=\"post_content isotope_item_content ih-item colored square effect_shift left_to_right\">\n\t\t\t\t\t\t\t\t\t\t\t\t<div class=\"post_featured img\">\n\t\t\t\t\t\t\t<a href=\"https:\/\/simplymassage.ro\/index.php\/2026\/01\/12\/masajul-talpilor\/\"><img loading=\"lazy\" decoding=\"async\" class=\"wp-post-image\" width=\"800\" height=\"450\" alt=\"Masajul Talpilor\" src=\"https:\/\/simplymassage.ro\/wp-content\/uploads\/2024\/07\/servicii-masajul-talpilor-800x450.jpg\"><\/a>\t\t\t\t\t\t<\/div>\n\t\t\t\t\t\t\t\n\t\t\t\t\t\t<div class=\"post_info_wrap info\"><div class=\"info-back\">\n                            <h5 class=\"post_title\"><a href=\"https:\/\/simplymassage.ro\/index.php\/2026\/01\/12\/masajul-talpilor\/\">Masajul Talpilor<\/a><\/h5>\t\n\t\t\t\t\t\t\t<div class=\"post_descr\">\n\t\t\t\t\t\t\t<p><a href=\"https:\/\/simplymassage.ro\/index.php\/2026\/01\/12\/masajul-talpilor\/\">Masajul relaxant al talpilor &#8211;\u00a0 remediul impotriva stresului T\u0103lpile picioarelor sunt poarta de acces c\u0103tre armonizarea \u00eentregului corp. Ce poate fi mai placut si mai relaxant, in special dupa o zi lunga si obositoare, decat un masaj al talpilor, pentru a combate oboseala acumulat\u0103 \u0219i a...<\/a><\/p><a href=\"https:\/\/simplymassage.ro\/index.php\/2026\/01\/12\/masajul-talpilor\/\"><span class=\"date_grid_terraatma\">12\/01\/2026<\/span><\/a>\t\t\t\t\t\t\t<\/div>\n\t\t\t\t\t\t<\/div><\/div>\t<!-- \/.info-back \/.info -->\n\t\t\t\t\t\t\t\t\t\t\t<\/div>\t\t\t\t<!-- \/.post_content -->\n\t\t\t\t<\/div>\t<!-- \/.post_item -->\n\t\t\t<\/div>\t\t\t\t\t\t<!-- \/.isotope_item -->\n\t\t\t\t\t\t<div class=\"isotope_item isotope_item_grid isotope_item_grid_2 isotope_column_2\t\t\t\t\t\t\">\n\t\t\t\t<div class=\"post_item post_item_grid post_item_grid_2\t\t\t\t\tpost_format_standard even\">\n\t\n\t\t\t\t\t<div class=\"post_content isotope_item_content ih-item colored square effect_shift left_to_right\">\n\t\t\t\t\t\t\t\t\t\t\t\t<div class=\"post_featured img\">\n\t\t\t\t\t\t\t<a href=\"https:\/\/simplymassage.ro\/index.php\/2026\/01\/12\/masajul-spatelui\/\"><img loading=\"lazy\" decoding=\"async\" class=\"wp-post-image\" width=\"800\" height=\"450\" alt=\"Masajul Spatelui\" src=\"https:\/\/simplymassage.ro\/wp-content\/uploads\/2024\/07\/servicii-masajul-spatelui-800x450.jpg\"><\/a>\t\t\t\t\t\t<\/div>\n\t\t\t\t\t\t\t\n\t\t\t\t\t\t<div class=\"post_info_wrap info\"><div class=\"info-back\">\n                            <h5 class=\"post_title\"><a href=\"https:\/\/simplymassage.ro\/index.php\/2026\/01\/12\/masajul-spatelui\/\">Masajul Spatelui<\/a><\/h5>\t\n\t\t\t\t\t\t\t<div class=\"post_descr\">\n\t\t\t\t\t\t\t<p><a href=\"https:\/\/simplymassage.ro\/index.php\/2026\/01\/12\/masajul-spatelui\/\">Masajul relaxant al spatelui &#8211; menit s\u0103 te ajute s\u0103 ui\u021bi de stresul cotidian Masajul de relaxare a spatelui este o tehnica de masaj ce ajuta la diminuarea tensiunilor musculare si articulare, dar actioneaza si asupra sistemului nervos si circulator Masajul spatelui beneficii: Masajul...<\/a><\/p><a href=\"https:\/\/simplymassage.ro\/index.php\/2026\/01\/12\/masajul-spatelui\/\"><span class=\"date_grid_terraatma\">12\/01\/2026<\/span><\/a>\t\t\t\t\t\t\t<\/div>\n\t\t\t\t\t\t<\/div><\/div>\t<!-- \/.info-back \/.info -->\n\t\t\t\t\t\t\t\t\t\t\t<\/div>\t\t\t\t<!-- \/.post_content -->\n\t\t\t\t<\/div>\t<!-- \/.post_item -->\n\t\t\t<\/div>\t\t\t\t\t\t<!-- \/.isotope_item -->\n\t\t\t\t\t\t<div class=\"isotope_item isotope_item_grid isotope_item_grid_2 isotope_column_2\t\t\t\t\t\t\">\n\t\t\t\t<div class=\"post_item post_item_grid post_item_grid_2\t\t\t\t\tpost_format_standard odd\">\n\t\n\t\t\t\t\t<div class=\"post_content isotope_item_content ih-item colored square effect_shift left_to_right\">\n\t\t\t\t\t\t\t\t\t\t\t\t<div class=\"post_featured img\">\n\t\t\t\t\t\t\t<a href=\"https:\/\/simplymassage.ro\/index.php\/2026\/01\/12\/masaj-cu-pietre-vulcanice\/\"><img loading=\"lazy\" decoding=\"async\" class=\"wp-post-image\" width=\"800\" height=\"450\" alt=\"Masaj cu pietre vulcanice\" src=\"https:\/\/simplymassage.ro\/wp-content\/uploads\/2024\/07\/servicii-masaj-pietre-vulcanice-1-800x450.jpg\"><\/a>\t\t\t\t\t\t<\/div>\n\t\t\t\t\t\t\t\n\t\t\t\t\t\t<div class=\"post_info_wrap info\"><div class=\"info-back\">\n                            <h5 class=\"post_title\"><a href=\"https:\/\/simplymassage.ro\/index.php\/2026\/01\/12\/masaj-cu-pietre-vulcanice\/\">Masaj cu pietre vulcanice<\/a><\/h5>\t\n\t\t\t\t\t\t\t<div class=\"post_descr\">\n\t\t\t\t\t\t\t<p><a href=\"https:\/\/simplymassage.ro\/index.php\/2026\/01\/12\/masaj-cu-pietre-vulcanice\/\">Masajul spatelui cu pietre vulcanice netede si incalzite este un mod minunat de a te a relaxa, a te simti rasfata, a echilibra \u0219i detoxifia corpul. Acest tip de masaj aduce si mentine linistea in corp, creste creativitatea, cat si armonia pe parcursul mai multor zile. Principalele beneficii ale...<\/a><\/p><a href=\"https:\/\/simplymassage.ro\/index.php\/2026\/01\/12\/masaj-cu-pietre-vulcanice\/\"><span class=\"date_grid_terraatma\">12\/01\/2026<\/span><\/a>\t\t\t\t\t\t\t<\/div>\n\t\t\t\t\t\t<\/div><\/div>\t<!-- \/.info-back \/.info -->\n\t\t\t\t\t\t\t\t\t\t\t<\/div>\t\t\t\t<!-- \/.post_content -->\n\t\t\t\t<\/div>\t<!-- \/.post_item -->\n\t\t\t<\/div>\t\t\t\t\t\t<!-- \/.isotope_item -->\n\t\t\t\t\t\t<div class=\"isotope_item isotope_item_grid isotope_item_grid_2 isotope_column_2\t\t\t\t\t\t\">\n\t\t\t\t<div class=\"post_item post_item_grid post_item_grid_2\t\t\t\t\tpost_format_standard even\">\n\t\n\t\t\t\t\t<div class=\"post_content isotope_item_content ih-item colored square effect_shift left_to_right\">\n\t\t\t\t\t\t\t\t\t\t\t\t<div class=\"post_featured img\">\n\t\t\t\t\t\t\t<a href=\"https:\/\/simplymassage.ro\/index.php\/2026\/01\/12\/masaj-de-relaxare\/\"><img loading=\"lazy\" decoding=\"async\" class=\"wp-post-image\" width=\"800\" height=\"450\" alt=\"Masaj de relaxare\" src=\"https:\/\/simplymassage.ro\/wp-content\/uploads\/2025\/01\/masaj-de-relaxare-800x450.jpg\"><\/a>\t\t\t\t\t\t<\/div>\n\t\t\t\t\t\t\t\n\t\t\t\t\t\t<div class=\"post_info_wrap info\"><div class=\"info-back\">\n                            <h5 class=\"post_title\"><a href=\"https:\/\/simplymassage.ro\/index.php\/2026\/01\/12\/masaj-de-relaxare\/\">Masaj de relaxare<\/a><\/h5>\t\n\t\t\t\t\t\t\t<div class=\"post_descr\">\n\t\t\t\t\t\t\t<p><a href=\"https:\/\/simplymassage.ro\/index.php\/2026\/01\/12\/masaj-de-relaxare\/\">Totodat\u0103, masajul de relaxare poate fi o alegere bun\u0103 pentru a te destinde dup\u0103 o zi de munc\u0103, bucur\u00e2ndu-te de o serie de beneficii. Unii oameni iubesc masajul de relaxare pentru ca le induce aproape instant starea de relaxare, insa dincolo de ideea de rasfat, exista o multitudine de beneficii...<\/a><\/p><a href=\"https:\/\/simplymassage.ro\/index.php\/2026\/01\/12\/masaj-de-relaxare\/\"><span class=\"date_grid_terraatma\">12\/01\/2026<\/span><\/a>\t\t\t\t\t\t\t<\/div>\n\t\t\t\t\t\t<\/div><\/div>\t<!-- \/.info-back \/.info -->\n\t\t\t\t\t\t\t\t\t\t\t<\/div>\t\t\t\t<!-- \/.post_content -->\n\t\t\t\t<\/div>\t<!-- \/.post_item -->\n\t\t\t<\/div>\t\t\t\t\t\t<!-- \/.isotope_item -->\n\t\t\t\t\t\t<div class=\"isotope_item isotope_item_grid isotope_item_grid_2 isotope_column_2\t\t\t\t\t\t\">\n\t\t\t\t<div class=\"post_item post_item_grid post_item_grid_2\t\t\t\t\tpost_format_standard odd\">\n\t\n\t\t\t\t\t<div class=\"post_content isotope_item_content ih-item colored square effect_shift left_to_right\">\n\t\t\t\t\t\t\t\t\t\t\t\t<div class=\"post_featured img\">\n\t\t\t\t\t\t\t<a href=\"https:\/\/simplymassage.ro\/index.php\/2026\/01\/12\/masajul-scalpului\/\"><img loading=\"lazy\" decoding=\"async\" class=\"wp-post-image\" width=\"800\" height=\"450\" alt=\"Masajul scalpului\" src=\"https:\/\/simplymassage.ro\/wp-content\/uploads\/2025\/01\/masajul-scalpului-800x450.jpg\"><\/a>\t\t\t\t\t\t<\/div>\n\t\t\t\t\t\t\t\n\t\t\t\t\t\t<div class=\"post_info_wrap info\"><div class=\"info-back\">\n                            <h5 class=\"post_title\"><a href=\"https:\/\/simplymassage.ro\/index.php\/2026\/01\/12\/masajul-scalpului\/\">Masajul scalpului<\/a><\/h5>\t\n\t\t\t\t\t\t\t<div class=\"post_descr\">\n\t\t\t\t\t\t\t<p><a href=\"https:\/\/simplymassage.ro\/index.php\/2026\/01\/12\/masajul-scalpului\/\">Masajul relaxant al scalpului &#8211;&nbsp; Un scalp sanatos, beneficii pentru minte si corp Masaj adresat zonelor craniane, cervicale, pentru \u00eenlaturarea efectelor negative ale emotiilor, eforturilor intelectuale intense sau pozitiilor rigide la birou, \u00een fata calculatorului: cefalee, dureri de...<\/a><\/p><a href=\"https:\/\/simplymassage.ro\/index.php\/2026\/01\/12\/masajul-scalpului\/\"><span class=\"date_grid_terraatma\">12\/01\/2026<\/span><\/a>\t\t\t\t\t\t\t<\/div>\n\t\t\t\t\t\t<\/div><\/div>\t<!-- \/.info-back \/.info -->\n\t\t\t\t\t\t\t\t\t\t\t<\/div>\t\t\t\t<!-- \/.post_content -->\n\t\t\t\t<\/div>\t<!-- \/.post_item -->\n\t\t\t<\/div>\t\t\t\t\t\t<!-- \/.isotope_item -->\n\t\t\t\t\t\t<div class=\"isotope_item isotope_item_grid isotope_item_grid_2 isotope_column_2\t\t\t\t\t\t\">\n\t\t\t\t<div class=\"post_item post_item_grid post_item_grid_2\t\t\t\t\tpost_format_standard even\">\n\t\n\t\t\t\t\t<div class=\"post_content isotope_item_content ih-item colored square effect_shift left_to_right\">\n\t\t\t\t\t\t\t\t\t\t\t\t<div class=\"post_featured img\">\n\t\t\t\t\t\t\t<a href=\"https:\/\/simplymassage.ro\/index.php\/2026\/01\/12\/face-yoga-masajul-fetei\/\"><img loading=\"lazy\" decoding=\"async\" class=\"wp-post-image\" width=\"800\" height=\"450\" alt=\"Face Yoga &#8211; Masajul fe\u021bei\" src=\"https:\/\/simplymassage.ro\/wp-content\/uploads\/2024\/07\/servicii-masajul-fetei-800x450.jpg\"><\/a>\t\t\t\t\t\t<\/div>\n\t\t\t\t\t\t\t\n\t\t\t\t\t\t<div class=\"post_info_wrap info\"><div class=\"info-back\">\n                            <h5 class=\"post_title\"><a href=\"https:\/\/simplymassage.ro\/index.php\/2026\/01\/12\/face-yoga-masajul-fetei\/\">Face Yoga &#8211; Masajul fe\u021bei<\/a><\/h5>\t\n\t\t\t\t\t\t\t<div class=\"post_descr\">\n\t\t\t\t\t\t\t<p><a href=\"https:\/\/simplymassage.ro\/index.php\/2026\/01\/12\/face-yoga-masajul-fetei\/\">Masajul facial de relaxare nu doar c\u0103 \u00eembun\u0103t\u0103\u021be\u0219te s\u0103n\u0103tatea \u0219i aspectul pielii, dar \u0219i contribuie semnificativ la reducerea stresului \u0219i \u00eembun\u0103t\u0103\u021birea st\u0103rii de spirit. Este o practic\u0103 benefic\u0103 at\u00e2t pentru corp, c\u00e2t \u0219i pentru, diminuarea stresului fizic, emotional \u0219i intelectual,\u00eenbun\u0103t\u0103\u021bind...<\/a><\/p><a href=\"https:\/\/simplymassage.ro\/index.php\/2026\/01\/12\/face-yoga-masajul-fetei\/\"><span class=\"date_grid_terraatma\">12\/01\/2026<\/span><\/a>\t\t\t\t\t\t\t<\/div>\n\t\t\t\t\t\t<\/div><\/div>\t<!-- \/.info-back \/.info -->\n\t\t\t\t\t\t\t\t\t\t\t<\/div>\t\t\t\t<!-- \/.post_content -->\n\t\t\t\t<\/div>\t<!-- \/.post_item -->\n\t\t\t<\/div>\t\t\t\t\t\t<!-- \/.isotope_item -->\n\t\t\t<\/div><\/div>[\/vc_column][\/vc_row]<\/p>\n<\/div>","protected":false},"excerpt":{"rendered":"<p>[vc_row css=&#8221;.vc_custom_1721134690163{background-color: #ffffff !important;}&#8221;][vc_column css=&#8221;.vc_custom_1433162732287{margin-bottom: 7em !important;}&#8221;][\/vc_column][\/vc_row]<\/p>\n","protected":false},"author":1,"featured_media":0,"parent":0,"menu_order":0,"comment_status":"closed","ping_status":"closed","template":"","meta":{"_glsr_average":0,"_glsr_ranking":0,"_glsr_reviews":0,"footnotes":""},"class_list":["post-2442","page","type-page","status-publish","hentry"],"_links":{"self":[{"href":"https:\/\/simplymassage.ro\/index.php\/wp-json\/wp\/v2\/pages\/2442","targetHints":{"allow":["GET"]}}],"collection":[{"href":"https:\/\/simplymassage.ro\/index.php\/wp-json\/wp\/v2\/pages"}],"about":[{"href":"https:\/\/simplymassage.ro\/index.php\/wp-json\/wp\/v2\/types\/page"}],"author":[{"embeddable":true,"href":"https:\/\/simplymassage.ro\/index.php\/wp-json\/wp\/v2\/users\/1"}],"replies":[{"embeddable":true,"href":"https:\/\/simplymassage.ro\/index.php\/wp-json\/wp\/v2\/comments?post=2442"}],"version-history":[{"count":8,"href":"https:\/\/simplymassage.ro\/index.php\/wp-json\/wp\/v2\/pages\/2442\/revisions"}],"predecessor-version":[{"id":2594,"href":"https:\/\/simplymassage.ro\/index.php\/wp-json\/wp\/v2\/pages\/2442\/revisions\/2594"}],"wp:attachment":[{"href":"https:\/\/simplymassage.ro\/index.php\/wp-json\/wp\/v2\/media?parent=2442"}],"curies":[{"name":"wp","href":"https:\/\/api.w.org\/{rel}","templated":true}]}}