{"id":2597,"date":"2025-03-13T16:14:38","date_gmt":"2025-03-13T14:14:38","guid":{"rendered":"https:\/\/simplymassage.ro\/?page_id=2597"},"modified":"2026-01-12T20:40:43","modified_gmt":"2026-01-12T18:40:43","slug":"abonament-relax5","status":"publish","type":"page","link":"https:\/\/simplymassage.ro\/index.php\/abonamente\/abonament-relax5\/","title":{"rendered":"Abonament RELAX5"},"content":{"rendered":"<p><img loading=\"lazy\" decoding=\"async\" class=\"size-medium wp-image-2474 alignright\" src=\"https:\/\/simplymassage.ro\/wp-content\/uploads\/2025\/01\/Abonament-5-300x200.jpg\" alt=\"\" width=\"300\" height=\"200\" srcset=\"https:\/\/simplymassage.ro\/wp-content\/uploads\/2025\/01\/Abonament-5-300x200.jpg 300w, https:\/\/simplymassage.ro\/wp-content\/uploads\/2025\/01\/Abonament-5-1024x683.jpg 1024w, https:\/\/simplymassage.ro\/wp-content\/uploads\/2025\/01\/Abonament-5-768x512.jpg 768w, https:\/\/simplymassage.ro\/wp-content\/uploads\/2025\/01\/Abonament-5-1150x767.jpg 1150w, https:\/\/simplymassage.ro\/wp-content\/uploads\/2025\/01\/Abonament-5-750x500.jpg 750w, https:\/\/simplymassage.ro\/wp-content\/uploads\/2025\/01\/Abonament-5-400x267.jpg 400w, https:\/\/simplymassage.ro\/wp-content\/uploads\/2025\/01\/Abonament-5-250x167.jpg 250w, https:\/\/simplymassage.ro\/wp-content\/uploads\/2025\/01\/Abonament-5-370x245.jpg 370w, https:\/\/simplymassage.ro\/wp-content\/uploads\/2025\/01\/Abonament-5-600x400.jpg 600w, https:\/\/simplymassage.ro\/wp-content\/uploads\/2025\/01\/Abonament-5.jpg 1500w\" sizes=\"auto, (max-width: 300px) 100vw, 300px\" \/><\/p>\n<h3><strong>Abonamentul RELAX 5 <\/strong><\/h3>\n<p>\u0218edin\u021bele de masaj personalizat v\u0103 ofer\u0103 o experien\u021b\u0103 de relaxare adaptat\u0103 nevoilor individuale ale corpului dvs. Fiecare \u0219edin\u021b\u0103 este creat\u0103 special pentru a r\u0103spunde solicit\u0103rilor \u0219i nevoilor specifice pe care corpul dvs. le prezint\u0103 \u00een momentul respectiv.<\/p>\n<p>Abonamentul con\u021bine 5 \u0219edin\u021be + 1 gratis \u0219i poate fi configurat din orice tip de masaj, excep\u021bie fac masajele <a href=\"https:\/\/buddhaspa.ro\/masaje\/masaj-buddha-spa-signature\/\">Signature<\/a> si <a href=\"https:\/\/buddhaspa.ro\/masaje\/masaj-cu-pietre-vulcanice\/\">masajul cu pietre vulcanice<\/a><\/p>\n<p><strong>Durata sedintei este de 30 minute.<\/strong><\/p>\n<p><strong>Tarif Abonament: 600 lei<\/strong><\/p>\n<h3><strong>Beneficii ale abonamentului <\/strong><strong>RELAX 5<\/strong><\/h3>\n<ul>\n<li><strong>Personalizare complet\u0103:<\/strong> Fiecare \u0219edin\u021b\u0103 este adaptat\u0103 la starea actual\u0103 a corpului dvs., lu\u00e2nd \u00een considerare nevoile, dorin\u021bele \u0219i eventualele disconforturi sau tensiuni.<\/li>\n<li><strong>Relaxare profund\u0103:<\/strong> Masajul personalizat vizeaz\u0103 nu doar relaxarea fizic\u0103, ci \u0219i cea mental\u0103, oferindu-v\u0103 o experien\u021b\u0103 de deconectare \u0219i calm interior.<\/li>\n<li><strong>Echilibrare energetic\u0103:<\/strong> Prin adaptarea tehnicilor la necesit\u0103\u021bile dvs., masajul poate ajuta la restabilirea echilibrului energetic \u00een corpul dvs.<\/li>\n<\/ul>\n<p><strong>Detalii abonament:<\/strong><\/p>\n<ul>\n<li><strong>Durat\u0103:<\/strong> Abonamentul include 5 \u0219edin\u021be de masaj, durata 2 luni.<\/li>\n<li><strong>Durata fiec\u0103rei \u0219edin\u021be:<\/strong> Aproximativ 30 de minute per \u0219edin\u021b\u0103, \u00een func\u021bie de necesit\u0103\u021bi.<\/li>\n<li><strong>Programare:<\/strong> Programa\u021bi fiecare \u0219edin\u021b\u0103 \u00een avans pentru a v\u0103 asigura disponibilitatea.<\/li>\n<li><strong>Loca\u021bie: <\/strong>SimplyHealth&amp;Beauty &#8211; Salon, loca\u021bie Gura Humorului.<\/li>\n<\/ul>\n<p><strong>Cum s\u0103 beneficia\u021bi de abonament:<\/strong><\/p>\n<ul>\n<li>Achizi\u021biona\u021bi abonamentul telefonic sau direct la SimplyHealth&amp;Beauty &#8211; Salon.<\/li>\n<li>Contacta\u021bi SimplyHealth&amp;Beauty \u2013 Salon, pentru a programa prima \u0219edin\u021b\u0103 \u0219i pentru a discuta nevoile specifice ale corpului dvs.<\/li>\n<li>Bucura\u021bi-v\u0103 de cele 5 \u0219edin\u021be de masaj personalizat, observ\u00e2nd \u00eembun\u0103t\u0103\u021biri semnificative \u00een starea dvs. general\u0103 de s\u0103n\u0103tate \u0219i bun\u0103stare.<\/li>\n<\/ul>\n<p>Cu acest abonament, ve\u021bi avea parte de o experien\u021b\u0103 unic\u0103 \u0219i individualizat\u0103 de masaj, care se adapteaz\u0103 nevoilor corpului dvs. \u00eentr-un mod precis.<\/p>\n<h3><strong>Cum pl<\/strong><strong>\u0103ti\u021bi si intra\u021bi in posesia\u00a0 voucher-ului:<\/strong><\/h3>\n<p>Plata se poate efectua in numerar la salon sau prin transfer direct \u00een contul nostru bancar.<\/p>\n<p>Dup\u0103 plasarea comenzii \u0219i efectuarea pla\u021bii, voucherul cadou il veti primi pe WhatsApp, sau ridica de la SimplyHealth&amp;Beauty \u2013 Salon.<\/p>\n<p><strong>Valabilitate de incepere abonament: 2 luni de la achizitie.<\/strong><\/p>\n","protected":false},"excerpt":{"rendered":"<p>Abonamentul RELAX 5 \u0218edin\u021bele de masaj personalizat v\u0103 ofer\u0103 o experien\u021b\u0103 de relaxare adaptat\u0103 nevoilor individuale ale corpului dvs. Fiecare \u0219edin\u021b\u0103 este creat\u0103 special pentru a r\u0103spunde solicit\u0103rilor \u0219i nevoilor specifice pe care corpul dvs. le prezint\u0103 \u00een momentul respectiv. Abonamentul con\u021bine 5 \u0219edin\u021be + 1 gratis \u0219i poate fi configurat din orice tip de [&hellip;]<\/p>\n","protected":false},"author":1,"featured_media":0,"parent":553,"menu_order":0,"comment_status":"closed","ping_status":"closed","template":"","meta":{"_glsr_average":0,"_glsr_ranking":0,"_glsr_reviews":0,"footnotes":""},"class_list":["post-2597","page","type-page","status-publish","hentry"],"_links":{"self":[{"href":"https:\/\/simplymassage.ro\/index.php\/wp-json\/wp\/v2\/pages\/2597","targetHints":{"allow":["GET"]}}],"collection":[{"href":"https:\/\/simplymassage.ro\/index.php\/wp-json\/wp\/v2\/pages"}],"about":[{"href":"https:\/\/simplymassage.ro\/index.php\/wp-json\/wp\/v2\/types\/page"}],"author":[{"embeddable":true,"href":"https:\/\/simplymassage.ro\/index.php\/wp-json\/wp\/v2\/users\/1"}],"replies":[{"embeddable":true,"href":"https:\/\/simplymassage.ro\/index.php\/wp-json\/wp\/v2\/comments?post=2597"}],"version-history":[{"count":8,"href":"https:\/\/simplymassage.ro\/index.php\/wp-json\/wp\/v2\/pages\/2597\/revisions"}],"predecessor-version":[{"id":2739,"href":"https:\/\/simplymassage.ro\/index.php\/wp-json\/wp\/v2\/pages\/2597\/revisions\/2739"}],"up":[{"embeddable":true,"href":"https:\/\/simplymassage.ro\/index.php\/wp-json\/wp\/v2\/pages\/553"}],"wp:attachment":[{"href":"https:\/\/simplymassage.ro\/index.php\/wp-json\/wp\/v2\/media?parent=2597"}],"curies":[{"name":"wp","href":"https:\/\/api.w.org\/{rel}","templated":true}]}}