{"id":394,"date":"2015-05-05T11:55:12","date_gmt":"2015-05-05T10:55:12","guid":{"rendered":"https:\/\/simplymassage.ro\/?page_id=394"},"modified":"2025-02-17T12:00:54","modified_gmt":"2025-02-17T12:00:54","slug":"terapeut","status":"publish","type":"page","link":"https:\/\/simplymassage.ro\/index.php\/terapeut\/","title":{"rendered":"Terapeut"},"content":{"rendered":"<div class=\"wpb-content-wrapper\"><p>[vc_row][vc_column]<h2 class=\"sc_title sc_title_iconed sc_align_center\" style=\"margin-top:0px;text-align:center;\"><span class=\"sc_title_icon sc_title_icon_left  sc_title_icon_small\"><img decoding=\"async\" src=\"https:\/\/simplymassage.ro\/wp-content\/uploads\/2015\/05\/flourish.png\" alt=\"\" \/><\/span>Terapeut<span class=\"sc_title_second_icon sc_title_second_icon_left  sc_title_icon_small\"><img decoding=\"async\" src=\"https:\/\/simplymassage.ro\/wp-content\/uploads\/2015\/05\/flourish.png\" alt=\"\" \/><\/span><\/h2><span class=\"sc_highlight\" style=\"font-size:1.23em; line-height: 1.9em;\">[vc_column_text css_animation=&#8221;fadeIn&#8221;]<\/p>\n<p style=\"text-align: center;\"><em>Te-ai g\u00e2ndit vreodat\u0103 c\u00e2t de mult bine \u00ee\u021bi poate aduce un moment de relaxare total\u0103 ?<br \/>\nUnii oameni consider\u0103 c\u0103 masajul este un lux si apeleaz\u0103 la el doar in situatii de mare nevoie. Terapiile prin masaj ar trebui s\u0103 devin\u0103 parte integrat\u0103 a vietii cotidiene si s\u0103 fie recunoscute ca o component\u0103 a medicinii preventive. Masajul profilactic este indicat o dat\u0103 pe saptaman\u0103, deoarece este mai usor s\u0103 prevenim decat s\u0103 trat\u0103m.<br \/>\nLas\u0103 grijile deoparte \u0219i ofer\u0103-\u021bi o pauz\u0103 binemeritat\u0103!<\/em><\/p>\n<p style=\"text-align: center;\"><em><strong>Te astept la mine in salon !<\/strong><br \/>\n<\/em><\/p>\n<p>[\/vc_column_text]<\/span><div class=\"columns_wrap sc_columns columns_nofluid sc_columns_count_3\" style=\"margin-top:50px;\"><div class=\"column-1_3 sc_column_item sc_column_item_1 odd first\">[vc_single_image image=&#8221;2521&#8243; img_size=&#8221;full&#8221; alignment=&#8221;center&#8221; css=&#8221;.vc_custom_1738247656167{margin-top: -10px !important;}&#8221;]<\/div><div class=\"column-1_3 sc_column_item sc_column_item_2 even\"><div id=\"sc_skills_diagram_467502019\" class=\"sc_skills sc_skills_bar sc_skills_horizontal sc_skills_3\" data-type=\"bar\" data-subtitle=\"Skills\" data-dir=\"horizontal\"><div class=\"sc_skills_info\"><div class=\"sc_skills_label\">Yoga face  - Masajul fetei<\/div><\/div><div class=\"sc_skills_item sc_skills_style_1 odd first\"><div class=\"sc_skills_count\"><div class=\"sc_skills_total\" data-start=\"0\" data-stop=\"100\" data-step=\"1\" data-max=\"100\" data-speed=\"16\" data-duration=\"1600\" data-ed=\"\">0<\/div><\/div><\/div><div class=\"sc_skills_info\"><div class=\"sc_skills_label\">Masajul talpilor<\/div><\/div><div class=\"sc_skills_item sc_skills_style_1 even\"><div class=\"sc_skills_count\"><div class=\"sc_skills_total\" data-start=\"0\" data-stop=\"70\" data-step=\"1\" data-max=\"100\" data-speed=\"10\" data-duration=\"700\" data-ed=\"\">0<\/div><\/div><\/div><div class=\"sc_skills_info\"><div class=\"sc_skills_label\">Masajul scalpului<\/div><\/div><div class=\"sc_skills_item sc_skills_style_1 odd\"><div class=\"sc_skills_count\"><div class=\"sc_skills_total\" data-start=\"0\" data-stop=\"90\" data-step=\"1\" data-max=\"100\" data-speed=\"17\" data-duration=\"1530\" data-ed=\"\">0<\/div><\/div><\/div><div class=\"sc_skills_info\"><div class=\"sc_skills_label\">Masajul spatelui<\/div><\/div><div class=\"sc_skills_item sc_skills_style_1 even\"><div class=\"sc_skills_count\"><div class=\"sc_skills_total\" data-start=\"0\" data-stop=\"100\" data-step=\"1\" data-max=\"100\" data-speed=\"31\" data-duration=\"3100\" data-ed=\"\">0<\/div><\/div><\/div><div class=\"sc_skills_info\"><div class=\"sc_skills_label\">Masaj de relaxare<\/div><\/div><div class=\"sc_skills_item sc_skills_style_1 odd\"><div class=\"sc_skills_count\"><div class=\"sc_skills_total\" data-start=\"0\" data-stop=\"70\" data-step=\"1\" data-max=\"100\" data-speed=\"27\" data-duration=\"1890\" data-ed=\"\">0<\/div><\/div><\/div><div class=\"sc_skills_info\"><div class=\"sc_skills_label\">Masaj cu pietre vulcanice<\/div><\/div><div class=\"sc_skills_item sc_skills_style_1 even\"><div class=\"sc_skills_count\"><div class=\"sc_skills_total\" data-start=\"0\" data-stop=\"90\" data-step=\"1\" data-max=\"100\" data-speed=\"39\" data-duration=\"3510\" data-ed=\"\">0<\/div><\/div><\/div><\/div><\/div><div class=\"column-1_3 sc_column_item sc_column_item_3 odd\"><div class=\"sc_accordion sc_accordion_style_1\" data-active=\"0\"><div id=\"sc_accordion_item_111231414124141424\" class=\"sc_accordion_item odd first\"><h5 class=\"sc_accordion_title\"><span class=\"sc_accordion_icon sc_accordion_icon_closed icon-plus-2\"><\/span>Servicii<\/h5><div class=\"sc_accordion_content\"><span class=\"sc_highlight\" style=\"font-size:1.076em; line-height: 1.9em;\">[vc_column_text]Oferim o varietate de masaje \u0219i terapii, ritualuri exclusive \u0219i servicii personalizate, ne asigur\u0103m c\u0103 fiecare experien\u021b\u0103 este unic\u0103, memorabil\u0103 \u0219i perfect adaptat\u0103 nevoilor tale.[\/vc_column_text]<\/span><\/div><\/div><\/div><\/div><\/div>[\/vc_column][\/vc_row]<\/p>\n<\/div>","protected":false},"excerpt":{"rendered":"<p>[vc_row][vc_column][\/vc_column][\/vc_row]<\/p>\n","protected":false},"author":1,"featured_media":0,"parent":0,"menu_order":0,"comment_status":"open","ping_status":"open","template":"","meta":{"_glsr_average":0,"_glsr_ranking":0,"_glsr_reviews":0,"footnotes":""},"class_list":["post-394","page","type-page","status-publish","hentry"],"_links":{"self":[{"href":"https:\/\/simplymassage.ro\/index.php\/wp-json\/wp\/v2\/pages\/394","targetHints":{"allow":["GET"]}}],"collection":[{"href":"https:\/\/simplymassage.ro\/index.php\/wp-json\/wp\/v2\/pages"}],"about":[{"href":"https:\/\/simplymassage.ro\/index.php\/wp-json\/wp\/v2\/types\/page"}],"author":[{"embeddable":true,"href":"https:\/\/simplymassage.ro\/index.php\/wp-json\/wp\/v2\/users\/1"}],"replies":[{"embeddable":true,"href":"https:\/\/simplymassage.ro\/index.php\/wp-json\/wp\/v2\/comments?post=394"}],"version-history":[{"count":24,"href":"https:\/\/simplymassage.ro\/index.php\/wp-json\/wp\/v2\/pages\/394\/revisions"}],"predecessor-version":[{"id":2538,"href":"https:\/\/simplymassage.ro\/index.php\/wp-json\/wp\/v2\/pages\/394\/revisions\/2538"}],"wp:attachment":[{"href":"https:\/\/simplymassage.ro\/index.php\/wp-json\/wp\/v2\/media?parent=394"}],"curies":[{"name":"wp","href":"https:\/\/api.w.org\/{rel}","templated":true}]}}