{"id":48,"date":"2015-04-21T14:06:25","date_gmt":"2015-04-21T13:06:25","guid":{"rendered":"https:\/\/simplymassage.ro\/?page_id=48"},"modified":"2025-03-21T15:02:15","modified_gmt":"2025-03-21T13:02:15","slug":"homepage-3","status":"publish","type":"page","link":"https:\/\/simplymassage.ro\/","title":{"rendered":"Home 3"},"content":{"rendered":"<div class=\"wpb-content-wrapper\"><p>[vc_row css=&#8221;.vc_custom_1721134690163{background-color: #ffffff !important;}&#8221;][vc_column css=&#8221;.vc_custom_1433162732287{margin-bottom: 7em !important;}&#8221;]<div class=\"columns_wrap sc_columns columns_nofluid sc_columns_count_2 class_resp\" style=\"margin-top:-2.5em;margin-bottom:2em;\"><div class=\"column-1_2 sc_column_item sc_column_item_1 odd first\"><figure class=\"sc_image  sc_image_shape_square\" style=\"margin-left:10px !important;\"><img decoding=\"async\" src=\"https:\/\/simplymassage.ro\/wp-content\/uploads\/2015\/04\/welcome_bg_home2.jpg\" alt=\"\" \/><\/figure><\/div><div class=\"column-1_2 sc_column_item sc_column_item_2 even\"><span class=\"sc_highlight\" style=\"color:#a3ad21;font-size:1.23em; line-height: 1.9em;\"><\/span><div class=\"sc_section\" style=\"margin-top:25px !important; \"><h2 class=\"sc_title sc_title_regular\" style=\"margin-top:0px;\">Simply Health &amp; Beauty<span class=\"sc_title_second_icon sc_title_second_icon_left  sc_title_icon_small\"><\/span><\/h2><span class=\"sc_highlight\" style=\"color:#978a84;font-size:1.07em; line-height: 1.9em;\">[vc_column_text]<span style=\"color: #000000; font-size: 18px;\">Simply Health &amp; Beauty &#8211; Massage s-a n\u0103scut din dorin\u021ba de a aduce un strop de lini\u0219te \u0219i echilibru \u00een vie\u021bile oamenilor, dorind s\u0103 oferim un mediu perfect pentru momentele tale de r\u0103sf\u0103\u021b.<br \/>\nFiecare vizit\u0103 la Simply Health &amp; Beauty &#8211; Massage este o incursiune \u00eentr-o lume a relax\u0103rii \u0219i revitaliz\u0103rii. Cu o varietate de masaje \u0219i terapii, ritualuri exclusive \u0219i servicii personalizate, ne asigur\u0103m c\u0103 fiecare experien\u021b\u0103 este unic\u0103, memorabil\u0103 \u0219i perfect adaptat\u0103 nevoilor tale.<br \/>\nCa un vis s\u0103 devin\u0103 realitate, implicarea \u0219i pasiunea sunt un &#8220;must have&#8221;.<\/span><\/p>\n<p style=\"text-align: center; font-size: 18px;\"><em><strong>Loredana \u2013 Mihaela Afrasinei<\/strong><\/em><\/p>\n<p><span style=\"color: #000000; font-size: 18px;\">Te-ai g\u00e2ndit vreodat\u0103 c\u00e2t de mult bine \u00ee\u021bi poate aduce un masaj de relaxare?<\/span><br \/>\n<span style=\"color: #000000; font-size: 18px;\">Las\u0103 grijile deoparte \u0219i ofer\u0103-\u021bi un r\u0103sf\u0103\u021b binemeritat!<\/span><br \/>\n<span style=\"color: #000000; font-size: 18px;\">Alege tipul de masaj care \u021bi se potrive\u0219te \u0219i programeaz\u0103-te chiar acum.<\/span>[\/vc_column_text]<\/span><\/div><\/div><\/div>[vc_separator]<h2 class=\"sc_title sc_title_iconed sc_align_center\" style=\"text-align:center;\"><span class=\"sc_title_icon sc_title_icon_left  sc_title_icon_small\"><img decoding=\"async\" src=\"https:\/\/simplymassage.ro\/wp-content\/uploads\/2015\/04\/flourish_orange.png\" alt=\"\" \/><\/span>Tipuri de masaj<span class=\"sc_title_second_icon sc_title_second_icon_left  sc_title_icon_small\"><img decoding=\"async\" src=\"https:\/\/simplymassage.ro\/wp-content\/uploads\/2015\/04\/flourish_orange.png\" alt=\"\" \/><\/span><\/h2><div class=\"sc_section aligncenter\"><span class=\"sc_highlight\" style=\"font-size:1.23em; line-height: 1.9em;\">[vc_column_text css=&#8221;.vc_custom_1739794538806{margin-bottom: 30px !important;}&#8221;]Terapie prin masaj \u2026 suntem mai frumosi daca suntem sanatosi![\/vc_column_text]<\/span><\/div><div id=\"sc_blogger_1655950793\" class=\"sc_blogger layout_grid_2 template_portfolio  sc_blogger_horizontal\" data-animation=\"animated fadeInUp normal\"><div class=\"isotope_wrap\" data-columns=\"3\">\t\t\t<div class=\"isotope_item isotope_item_grid isotope_item_grid_2 isotope_column_2\t\t\t\t\t\t\">\n\t\t\t\t<div class=\"post_item post_item_grid post_item_grid_2\t\t\t\t\tpost_format_standard odd\">\n\t\n\t\t\t\t\t<div class=\"post_content isotope_item_content ih-item colored square effect_shift left_to_right\">\n\t\t\t\t\t\t\t\t\t\t\t\t<div class=\"post_featured img\">\n\t\t\t\t\t\t\t<a href=\"https:\/\/simplymassage.ro\/index.php\/2026\/01\/12\/masajul-talpilor\/\"><img loading=\"lazy\" decoding=\"async\" class=\"wp-post-image\" width=\"800\" height=\"450\" alt=\"Masajul Talpilor\" src=\"https:\/\/simplymassage.ro\/wp-content\/uploads\/2024\/07\/servicii-masajul-talpilor-800x450.jpg\"><\/a>\t\t\t\t\t\t<\/div>\n\t\t\t\t\t\t\t\n\t\t\t\t\t\t<div class=\"post_info_wrap info\"><div class=\"info-back\">\n                            <h5 class=\"post_title\"><a href=\"https:\/\/simplymassage.ro\/index.php\/2026\/01\/12\/masajul-talpilor\/\">Masajul Talpilor<\/a><\/h5>\t\n\t\t\t\t\t\t\t<div class=\"post_descr\">\n\t\t\t\t\t\t\t<p><a href=\"https:\/\/simplymassage.ro\/index.php\/2026\/01\/12\/masajul-talpilor\/\">Masajul relaxant al talpilor &#8211;\u00a0 remediul impotriva stresului T\u0103lpile picioarelor sunt poarta de acces c\u0103tre armonizarea \u00eentregului corp. Ce poate fi mai placut si mai relaxant, in special dupa o zi lunga si obositoare, decat un masaj al talpilor, pentru a combate oboseala acumulat\u0103 \u0219i a...<\/a><\/p><a href=\"https:\/\/simplymassage.ro\/index.php\/2026\/01\/12\/masajul-talpilor\/\"><span class=\"date_grid_terraatma\">12\/01\/2026<\/span><\/a>\t\t\t\t\t\t\t<\/div>\n\t\t\t\t\t\t<\/div><\/div>\t<!-- \/.info-back \/.info -->\n\t\t\t\t\t\t\t\t\t\t\t<\/div>\t\t\t\t<!-- \/.post_content -->\n\t\t\t\t<\/div>\t<!-- \/.post_item -->\n\t\t\t<\/div>\t\t\t\t\t\t<!-- \/.isotope_item -->\n\t\t\t\t\t\t<div class=\"isotope_item isotope_item_grid isotope_item_grid_2 isotope_column_2\t\t\t\t\t\t\">\n\t\t\t\t<div class=\"post_item post_item_grid post_item_grid_2\t\t\t\t\tpost_format_standard even\">\n\t\n\t\t\t\t\t<div class=\"post_content isotope_item_content ih-item colored square effect_shift left_to_right\">\n\t\t\t\t\t\t\t\t\t\t\t\t<div class=\"post_featured img\">\n\t\t\t\t\t\t\t<a href=\"https:\/\/simplymassage.ro\/index.php\/2026\/01\/12\/masajul-spatelui\/\"><img loading=\"lazy\" decoding=\"async\" class=\"wp-post-image\" width=\"800\" height=\"450\" alt=\"Masajul Spatelui\" src=\"https:\/\/simplymassage.ro\/wp-content\/uploads\/2024\/07\/servicii-masajul-spatelui-800x450.jpg\"><\/a>\t\t\t\t\t\t<\/div>\n\t\t\t\t\t\t\t\n\t\t\t\t\t\t<div class=\"post_info_wrap info\"><div class=\"info-back\">\n                            <h5 class=\"post_title\"><a href=\"https:\/\/simplymassage.ro\/index.php\/2026\/01\/12\/masajul-spatelui\/\">Masajul Spatelui<\/a><\/h5>\t\n\t\t\t\t\t\t\t<div class=\"post_descr\">\n\t\t\t\t\t\t\t<p><a href=\"https:\/\/simplymassage.ro\/index.php\/2026\/01\/12\/masajul-spatelui\/\">Masajul relaxant al spatelui &#8211; menit s\u0103 te ajute s\u0103 ui\u021bi de stresul cotidian Masajul de relaxare a spatelui este o tehnica de masaj ce ajuta la diminuarea tensiunilor musculare si articulare, dar actioneaza si asupra sistemului nervos si circulator Masajul spatelui beneficii: Masajul...<\/a><\/p><a href=\"https:\/\/simplymassage.ro\/index.php\/2026\/01\/12\/masajul-spatelui\/\"><span class=\"date_grid_terraatma\">12\/01\/2026<\/span><\/a>\t\t\t\t\t\t\t<\/div>\n\t\t\t\t\t\t<\/div><\/div>\t<!-- \/.info-back \/.info -->\n\t\t\t\t\t\t\t\t\t\t\t<\/div>\t\t\t\t<!-- \/.post_content -->\n\t\t\t\t<\/div>\t<!-- \/.post_item -->\n\t\t\t<\/div>\t\t\t\t\t\t<!-- \/.isotope_item -->\n\t\t\t\t\t\t<div class=\"isotope_item isotope_item_grid isotope_item_grid_2 isotope_column_2\t\t\t\t\t\t\">\n\t\t\t\t<div class=\"post_item post_item_grid post_item_grid_2\t\t\t\t\tpost_format_standard odd\">\n\t\n\t\t\t\t\t<div class=\"post_content isotope_item_content ih-item colored square effect_shift left_to_right\">\n\t\t\t\t\t\t\t\t\t\t\t\t<div class=\"post_featured img\">\n\t\t\t\t\t\t\t<a href=\"https:\/\/simplymassage.ro\/index.php\/2026\/01\/12\/masaj-cu-pietre-vulcanice\/\"><img loading=\"lazy\" decoding=\"async\" class=\"wp-post-image\" width=\"800\" height=\"450\" alt=\"Masaj cu pietre vulcanice\" src=\"https:\/\/simplymassage.ro\/wp-content\/uploads\/2024\/07\/servicii-masaj-pietre-vulcanice-1-800x450.jpg\"><\/a>\t\t\t\t\t\t<\/div>\n\t\t\t\t\t\t\t\n\t\t\t\t\t\t<div class=\"post_info_wrap info\"><div class=\"info-back\">\n                            <h5 class=\"post_title\"><a href=\"https:\/\/simplymassage.ro\/index.php\/2026\/01\/12\/masaj-cu-pietre-vulcanice\/\">Masaj cu pietre vulcanice<\/a><\/h5>\t\n\t\t\t\t\t\t\t<div class=\"post_descr\">\n\t\t\t\t\t\t\t<p><a href=\"https:\/\/simplymassage.ro\/index.php\/2026\/01\/12\/masaj-cu-pietre-vulcanice\/\">Masajul spatelui cu pietre vulcanice netede si incalzite este un mod minunat de a te a relaxa, a te simti rasfata, a echilibra \u0219i detoxifia corpul. Acest tip de masaj aduce si mentine linistea in corp, creste creativitatea, cat si armonia pe parcursul mai multor zile. Principalele beneficii ale...<\/a><\/p><a href=\"https:\/\/simplymassage.ro\/index.php\/2026\/01\/12\/masaj-cu-pietre-vulcanice\/\"><span class=\"date_grid_terraatma\">12\/01\/2026<\/span><\/a>\t\t\t\t\t\t\t<\/div>\n\t\t\t\t\t\t<\/div><\/div>\t<!-- \/.info-back \/.info -->\n\t\t\t\t\t\t\t\t\t\t\t<\/div>\t\t\t\t<!-- \/.post_content -->\n\t\t\t\t<\/div>\t<!-- \/.post_item -->\n\t\t\t<\/div>\t\t\t\t\t\t<!-- \/.isotope_item -->\n\t\t\t\t\t\t<div class=\"isotope_item isotope_item_grid isotope_item_grid_2 isotope_column_2\t\t\t\t\t\t\">\n\t\t\t\t<div class=\"post_item post_item_grid post_item_grid_2\t\t\t\t\tpost_format_standard even\">\n\t\n\t\t\t\t\t<div class=\"post_content isotope_item_content ih-item colored square effect_shift left_to_right\">\n\t\t\t\t\t\t\t\t\t\t\t\t<div class=\"post_featured img\">\n\t\t\t\t\t\t\t<a href=\"https:\/\/simplymassage.ro\/index.php\/2026\/01\/12\/masaj-de-relaxare\/\"><img loading=\"lazy\" decoding=\"async\" class=\"wp-post-image\" width=\"800\" height=\"450\" alt=\"Masaj de relaxare\" src=\"https:\/\/simplymassage.ro\/wp-content\/uploads\/2025\/01\/masaj-de-relaxare-800x450.jpg\"><\/a>\t\t\t\t\t\t<\/div>\n\t\t\t\t\t\t\t\n\t\t\t\t\t\t<div class=\"post_info_wrap info\"><div class=\"info-back\">\n                            <h5 class=\"post_title\"><a href=\"https:\/\/simplymassage.ro\/index.php\/2026\/01\/12\/masaj-de-relaxare\/\">Masaj de relaxare<\/a><\/h5>\t\n\t\t\t\t\t\t\t<div class=\"post_descr\">\n\t\t\t\t\t\t\t<p><a href=\"https:\/\/simplymassage.ro\/index.php\/2026\/01\/12\/masaj-de-relaxare\/\">Totodat\u0103, masajul de relaxare poate fi o alegere bun\u0103 pentru a te destinde dup\u0103 o zi de munc\u0103, bucur\u00e2ndu-te de o serie de beneficii. Unii oameni iubesc masajul de relaxare pentru ca le induce aproape instant starea de relaxare, insa dincolo de ideea de rasfat, exista o multitudine de beneficii...<\/a><\/p><a href=\"https:\/\/simplymassage.ro\/index.php\/2026\/01\/12\/masaj-de-relaxare\/\"><span class=\"date_grid_terraatma\">12\/01\/2026<\/span><\/a>\t\t\t\t\t\t\t<\/div>\n\t\t\t\t\t\t<\/div><\/div>\t<!-- \/.info-back \/.info -->\n\t\t\t\t\t\t\t\t\t\t\t<\/div>\t\t\t\t<!-- \/.post_content -->\n\t\t\t\t<\/div>\t<!-- \/.post_item -->\n\t\t\t<\/div>\t\t\t\t\t\t<!-- \/.isotope_item -->\n\t\t\t\t\t\t<div class=\"isotope_item isotope_item_grid isotope_item_grid_2 isotope_column_2\t\t\t\t\t\t\">\n\t\t\t\t<div class=\"post_item post_item_grid post_item_grid_2\t\t\t\t\tpost_format_standard odd\">\n\t\n\t\t\t\t\t<div class=\"post_content isotope_item_content ih-item colored square effect_shift left_to_right\">\n\t\t\t\t\t\t\t\t\t\t\t\t<div class=\"post_featured img\">\n\t\t\t\t\t\t\t<a href=\"https:\/\/simplymassage.ro\/index.php\/2026\/01\/12\/masajul-scalpului\/\"><img loading=\"lazy\" decoding=\"async\" class=\"wp-post-image\" width=\"800\" height=\"450\" alt=\"Masajul scalpului\" src=\"https:\/\/simplymassage.ro\/wp-content\/uploads\/2025\/01\/masajul-scalpului-800x450.jpg\"><\/a>\t\t\t\t\t\t<\/div>\n\t\t\t\t\t\t\t\n\t\t\t\t\t\t<div class=\"post_info_wrap info\"><div class=\"info-back\">\n                            <h5 class=\"post_title\"><a href=\"https:\/\/simplymassage.ro\/index.php\/2026\/01\/12\/masajul-scalpului\/\">Masajul scalpului<\/a><\/h5>\t\n\t\t\t\t\t\t\t<div class=\"post_descr\">\n\t\t\t\t\t\t\t<p><a href=\"https:\/\/simplymassage.ro\/index.php\/2026\/01\/12\/masajul-scalpului\/\">Masajul relaxant al scalpului &#8211;&nbsp; Un scalp sanatos, beneficii pentru minte si corp Masaj adresat zonelor craniane, cervicale, pentru \u00eenlaturarea efectelor negative ale emotiilor, eforturilor intelectuale intense sau pozitiilor rigide la birou, \u00een fata calculatorului: cefalee, dureri de...<\/a><\/p><a href=\"https:\/\/simplymassage.ro\/index.php\/2026\/01\/12\/masajul-scalpului\/\"><span class=\"date_grid_terraatma\">12\/01\/2026<\/span><\/a>\t\t\t\t\t\t\t<\/div>\n\t\t\t\t\t\t<\/div><\/div>\t<!-- \/.info-back \/.info -->\n\t\t\t\t\t\t\t\t\t\t\t<\/div>\t\t\t\t<!-- \/.post_content -->\n\t\t\t\t<\/div>\t<!-- \/.post_item -->\n\t\t\t<\/div>\t\t\t\t\t\t<!-- \/.isotope_item -->\n\t\t\t\t\t\t<div class=\"isotope_item isotope_item_grid isotope_item_grid_2 isotope_column_2\t\t\t\t\t\t\">\n\t\t\t\t<div class=\"post_item post_item_grid post_item_grid_2\t\t\t\t\tpost_format_standard even\">\n\t\n\t\t\t\t\t<div class=\"post_content isotope_item_content ih-item colored square effect_shift left_to_right\">\n\t\t\t\t\t\t\t\t\t\t\t\t<div class=\"post_featured img\">\n\t\t\t\t\t\t\t<a href=\"https:\/\/simplymassage.ro\/index.php\/2026\/01\/12\/face-yoga-masajul-fetei\/\"><img loading=\"lazy\" decoding=\"async\" class=\"wp-post-image\" width=\"800\" height=\"450\" alt=\"Face Yoga &#8211; Masajul fe\u021bei\" src=\"https:\/\/simplymassage.ro\/wp-content\/uploads\/2024\/07\/servicii-masajul-fetei-800x450.jpg\"><\/a>\t\t\t\t\t\t<\/div>\n\t\t\t\t\t\t\t\n\t\t\t\t\t\t<div class=\"post_info_wrap info\"><div class=\"info-back\">\n                            <h5 class=\"post_title\"><a href=\"https:\/\/simplymassage.ro\/index.php\/2026\/01\/12\/face-yoga-masajul-fetei\/\">Face Yoga &#8211; Masajul fe\u021bei<\/a><\/h5>\t\n\t\t\t\t\t\t\t<div class=\"post_descr\">\n\t\t\t\t\t\t\t<p><a href=\"https:\/\/simplymassage.ro\/index.php\/2026\/01\/12\/face-yoga-masajul-fetei\/\">Masajul facial de relaxare nu doar c\u0103 \u00eembun\u0103t\u0103\u021be\u0219te s\u0103n\u0103tatea \u0219i aspectul pielii, dar \u0219i contribuie semnificativ la reducerea stresului \u0219i \u00eembun\u0103t\u0103\u021birea st\u0103rii de spirit. Este o practic\u0103 benefic\u0103 at\u00e2t pentru corp, c\u00e2t \u0219i pentru, diminuarea stresului fizic, emotional \u0219i intelectual,\u00eenbun\u0103t\u0103\u021bind...<\/a><\/p><a href=\"https:\/\/simplymassage.ro\/index.php\/2026\/01\/12\/face-yoga-masajul-fetei\/\"><span class=\"date_grid_terraatma\">12\/01\/2026<\/span><\/a>\t\t\t\t\t\t\t<\/div>\n\t\t\t\t\t\t<\/div><\/div>\t<!-- \/.info-back \/.info -->\n\t\t\t\t\t\t\t\t\t\t\t<\/div>\t\t\t\t<!-- \/.post_content -->\n\t\t\t\t<\/div>\t<!-- \/.post_item -->\n\t\t\t<\/div>\t\t\t\t\t\t<!-- \/.isotope_item -->\n\t\t\t<\/div><\/div>[\/vc_column][\/vc_row][vc_row full_width=&#8221;stretch_row&#8221; css=&#8221;.vc_custom_1462441803903{background: rgba(10,10,10,0.64) url(https:\/\/simplymassage.ro\/wp-content\/uploads\/2015\/04\/testimonials_img.jpg?id=1150) !important;background-position: center !important;background-repeat: no-repeat !important;background-size: cover !important;*background-color: rgb(10,10,10) !important;}&#8221;][vc_column]<div class=\"sc_testimonials_wrap sc_section bg_tint_light\" style=\"background-color:rgba(255,255,255,0.01);\"><div class=\"sc_section_overlay\" style=\"\"><div id=\"sc_testimonials_1179873605\" class=\"sc_testimonials sc_slider_swiper swiper-slider-container sc_slider_nopagination sc_slider_controls aligncenter\" data-interval=\"9000\" style=\"width:100%;\"><div class=\"slides swiper-wrapper\"><div class=\"swiper-slide\" data-style=\"width:100%;\" style=\"width:100%;\"><div class=\"sc_testimonial_item\"><div class=\"sc_testimonial_content\"><h2 class=\"sc_title sc_title_iconed\"><span class=\"sc_title_icon sc_title_icon_top  sc_title_icon_small\"><img decoding=\"async\" src=\"https:\/\/simplymassage.ro\/wp-content\/uploads\/2015\/04\/flourish_orange.png\" alt=\"\" \/><\/span>Ce spun clientii<span class=\"sc_title_second_icon sc_title_second_icon_top  sc_title_icon_small\"><img decoding=\"async\" src=\"https:\/\/simplymassage.ro\/wp-content\/uploads\/2015\/04\/flourish_orange.png\" alt=\"\" \/><\/span><\/h2>[vc_column_text]<\/p>\n<p style=\"text-align: center;\">Simply Health &amp; Beauty Salon mi-a oferit o prim\u0103 experien\u021b\u0103 a masajului de neuitat! Mult profesionalism, ambient \u0219i o atmosfera foarte primitoare, muzic\u0103 relaxant\u0103 \u0219i masaj perfect. Cu siguran\u021b\u0103 voi reveni din nou la salonul dumneavoastr\u0103.<\/p>\n<p>[\/vc_column_text]<\/div><div class=\"sc_testimonial_author\">- Marcus Smith, manager<\/div><\/div><\/div><\/div><div class=\"sc_slider_controls_wrap\"><a class=\"sc_slider_prev\" href=\"#\"><\/a><a class=\"sc_slider_next\" href=\"#\"><\/a><\/div><\/div><\/div><\/div>[\/vc_column][\/vc_row]<\/p>\n<\/div>","protected":false},"excerpt":{"rendered":"<p>[vc_row css=&#8221;.vc_custom_1721134690163{background-color: #ffffff !important;}&#8221;][vc_column css=&#8221;.vc_custom_1433162732287{margin-bottom: 7em !important;}&#8221;][vc_separator][\/vc_column][\/vc_row][vc_row full_width=&#8221;stretch_row&#8221; css=&#8221;.vc_custom_1462441803903{background: rgba(10,10,10,0.64) url(https:\/\/simplymassage.ro\/wp-content\/uploads\/2015\/04\/testimonials_img.jpg?id=1150) !important;background-position: center !important;background-repeat: no-repeat !important;background-size: cover !important;*background-color: rgb(10,10,10) !important;}&#8221;][vc_column][\/vc_column][\/vc_row]<\/p>\n","protected":false},"author":1,"featured_media":0,"parent":0,"menu_order":0,"comment_status":"open","ping_status":"open","template":"","meta":{"_glsr_average":0,"_glsr_ranking":0,"_glsr_reviews":0,"footnotes":""},"class_list":["post-48","page","type-page","status-publish","hentry"],"_links":{"self":[{"href":"https:\/\/simplymassage.ro\/index.php\/wp-json\/wp\/v2\/pages\/48","targetHints":{"allow":["GET"]}}],"collection":[{"href":"https:\/\/simplymassage.ro\/index.php\/wp-json\/wp\/v2\/pages"}],"about":[{"href":"https:\/\/simplymassage.ro\/index.php\/wp-json\/wp\/v2\/types\/page"}],"author":[{"embeddable":true,"href":"https:\/\/simplymassage.ro\/index.php\/wp-json\/wp\/v2\/users\/1"}],"replies":[{"embeddable":true,"href":"https:\/\/simplymassage.ro\/index.php\/wp-json\/wp\/v2\/comments?post=48"}],"version-history":[{"count":30,"href":"https:\/\/simplymassage.ro\/index.php\/wp-json\/wp\/v2\/pages\/48\/revisions"}],"predecessor-version":[{"id":2663,"href":"https:\/\/simplymassage.ro\/index.php\/wp-json\/wp\/v2\/pages\/48\/revisions\/2663"}],"wp:attachment":[{"href":"https:\/\/simplymassage.ro\/index.php\/wp-json\/wp\/v2\/media?parent=48"}],"curies":[{"name":"wp","href":"https:\/\/api.w.org\/{rel}","templated":true}]}}